{"id":1167,"date":"2013-04-05T13:33:38","date_gmt":"2013-04-05T13:33:38","guid":{"rendered":"http:\/\/www.kriesi.at\/themes\/enfold\/?page_id=1167"},"modified":"2021-03-04T17:34:23","modified_gmt":"2021-03-04T14:34:23","slug":"iletisim","status":"publish","type":"page","link":"https:\/\/akalinmetal.com\/en\/iletisim\/","title":{"rendered":"CONTACT"},"content":{"rendered":"<div class=\"flex_column av_two_fifth  flex_column_div first  avia-builder-el-0  el_before_av_three_fifth  avia-builder-el-first\" ><p><div  style='padding-bottom:10px; color:#030790;' class='av-special-heading av-special-heading-h3 custom-color-heading   avia-builder-el-1  el_before_av_textblock  avia-builder-el-first'><h3 class='av-special-heading-tag'  itemprop=\"headline\"  >CONTACT<\/h3><div class='special-heading-border'><div class='special-heading-inner-border' style='border-color:#030790'><\/div><\/div><\/div><br \/>\n<section class=\"av_textblock_section\"  itemscope=\"itemscope\" itemtype=\"https:\/\/schema.org\/CreativeWork\" ><div class='avia_textblock'   itemprop=\"text\" ><p><strong>AKALIN M\u00dcHEND\u0130SL\u0130K METAL SAN.T\u0130C.LTD.\u015eT\u0130.<\/strong><br \/>\nDudullu OSB \u0130mes San.Sit. E Blok 502. Sokak No:17<br \/>\n34775-\u00dcmraniye \u0130stanbul\/T\u00dcRK\u0130YE<\/p>\n<p>Tel : +90 216 5407612<br \/>\nFax : +90 216 5407617<br \/>\nE-mail: <a href=\"mailto:info@akalinmetal.com\">info@akalinmetal.com<\/a><\/p>\n<\/div><\/section><br \/>\n<form action=\"https:\/\/akalinmetal.com\/en\/iletisim\/\" method=\"post\"  class=\"avia_ajax_form av-form-labels-hidden   avia-builder-el-3  el_after_av_textblock  avia-builder-el-last\" data-avia-form-id=\"1\" data-avia-redirect='' data-trp-original-action=\"https:\/\/akalinmetal.com\/en\/iletisim\/\" ><fieldset><p class='first_form  form_element form_element_half' id='element_avia_1_1'><label for=\"avia_1_1\">AD SOYAD <abbr class=\"required\" title=\"required\">*<\/abbr><\/label> <input name=\"avia_1_1\" class=\"text_input is_empty\" type=\"text\" id=\"avia_1_1\" value=\"\"  placeholder='NAME &amp; SURNAME'\/><\/p><p class='form_element form_element_half' id='element_avia_2_1'><label for=\"avia_2_1\">E-Mail <abbr class=\"required\" title=\"required\">*<\/abbr><\/label> <input name=\"avia_2_1\" class=\"text_input is_email\" type=\"text\" id=\"avia_2_1\" value=\"\"  placeholder='E-MAIL*'\/><\/p><p class='first_form  form_element form_fullwidth' id='element_avia_3_1'><label for=\"avia_3_1\">KONU <abbr class=\"required\" title=\"required\">*<\/abbr><\/label> <input name=\"avia_3_1\" class=\"text_input is_empty\" type=\"text\" id=\"avia_3_1\" value=\"\"  placeholder='SUBJECT'\/><\/p><p class='first_form  form_element form_fullwidth av-last-visible-form-element' id='element_avia_4_1'><label for=\"avia_4_1\" class=\"textare_label hidden textare_label_avia_4_1\">MESAJINIZ <abbr class=\"required\" title=\"required\">*<\/abbr><\/label><textarea  placeholder='YOUR MESSAGE' name=\"avia_4_1\" class=\"text_area is_empty\" cols=\"40\" rows=\"7\" id=\"avia_4_1\" ><\/textarea><\/p><p class=\"hidden\"><input type=\"text\" name=\"avia_5_1\" class=\"hidden\" id=\"avia_5_1\" value=\"\" \/><\/p><p class=\"form_element\"><input type=\"hidden\" value=\"1\" name=\"avia_generated_form1\" \/><input type=\"submit\" value=\"SUBMIT\" class=\"button\"  data-sending-label=\"Sending\"\/><\/p><\/fieldset><input type=\"hidden\" name=\"trp-form-language\" value=\"en\"\/><\/form><div id=\"ajaxresponse_1\" class=\"ajaxresponse ajaxresponse_1 hidden\"><\/div><\/p><\/div><div class=\"flex_column av_three_fifth  flex_column_div   avia-builder-el-4  el_after_av_two_fifth  avia-builder-el-last\" ><\/div><\/p>","protected":false},"excerpt":{"rendered":"","protected":false},"author":1,"featured_media":0,"parent":0,"menu_order":0,"comment_status":"open","ping_status":"open","template":"","meta":[],"yoast_head":"<!-- This site is optimized with the Yoast SEO plugin v15.9.1 - https:\/\/yoast.com\/wordpress\/plugins\/seo\/ -->\n<title>\u0130LET\u0130\u015e\u0130M &mdash; Akalin M\u00fchendislik Metal<\/title>\n<link rel=\"canonical\" href=\"https:\/\/akalinmetal.com\/en\/iletisim\/\" \/>\n<meta property=\"og:locale\" content=\"en_US\" \/>\n<meta property=\"og:type\" content=\"article\" \/>\n<meta property=\"og:title\" content=\"\u0130LET\u0130\u015e\u0130M &mdash; Akalin M\u00fchendislik Metal\" \/>\n<meta property=\"og:url\" content=\"https:\/\/akalinmetal.com\/en\/iletisim\/\" \/>\n<meta property=\"og:site_name\" content=\"Akalin M\u00fchendislik Metal\" \/>\n<meta property=\"article:modified_time\" content=\"2021-03-04T14:34:23+00:00\" \/>\n<meta name=\"twitter:card\" content=\"summary_large_image\" \/>\n<meta name=\"twitter:label1\" content=\"Est. reading time\">\n\t<meta name=\"twitter:data1\" content=\"2 minutes\">\n<script type=\"application\/ld+json\" class=\"yoast-schema-graph\">{\"@context\":\"https:\/\/schema.org\",\"@graph\":[{\"@type\":\"Organization\",\"@id\":\"https:\/\/akalinmetal.com\/#organization\",\"name\":\"Akal\\u0131n M\\u00fchendislik Metal San. Tic. Ltd. \\u015eti.\",\"url\":\"https:\/\/akalinmetal.com\/\",\"sameAs\":[],\"logo\":{\"@type\":\"ImageObject\",\"@id\":\"https:\/\/akalinmetal.com\/#logo\",\"inLanguage\":\"en-US\",\"url\":\"https:\/\/akalinmetal.com\/wp-content\/uploads\/2021\/03\/logo_wp-2.png\",\"width\":263,\"height\":84,\"caption\":\"Akal\\u0131n M\\u00fchendislik Metal San. Tic. Ltd. \\u015eti.\"},\"image\":{\"@id\":\"https:\/\/akalinmetal.com\/#logo\"}},{\"@type\":\"WebSite\",\"@id\":\"https:\/\/akalinmetal.com\/#website\",\"url\":\"https:\/\/akalinmetal.com\/\",\"name\":\"Akalin M\\u00fchendislik Metal\",\"description\":\"\",\"publisher\":{\"@id\":\"https:\/\/akalinmetal.com\/#organization\"},\"potentialAction\":[{\"@type\":\"SearchAction\",\"target\":\"https:\/\/akalinmetal.com\/?s={search_term_string}\",\"query-input\":\"required name=search_term_string\"}],\"inLanguage\":\"en-US\"},{\"@type\":\"WebPage\",\"@id\":\"https:\/\/akalinmetal.com\/iletisim\/#webpage\",\"url\":\"https:\/\/akalinmetal.com\/iletisim\/\",\"name\":\"\\u0130LET\\u0130\\u015e\\u0130M &mdash; Akalin M\\u00fchendislik Metal\",\"isPartOf\":{\"@id\":\"https:\/\/akalinmetal.com\/#website\"},\"datePublished\":\"2013-04-05T13:33:38+00:00\",\"dateModified\":\"2021-03-04T14:34:23+00:00\",\"breadcrumb\":{\"@id\":\"https:\/\/akalinmetal.com\/iletisim\/#breadcrumb\"},\"inLanguage\":\"en-US\",\"potentialAction\":[{\"@type\":\"ReadAction\",\"target\":[\"https:\/\/akalinmetal.com\/iletisim\/\"]}]},{\"@type\":\"BreadcrumbList\",\"@id\":\"https:\/\/akalinmetal.com\/iletisim\/#breadcrumb\",\"itemListElement\":[{\"@type\":\"ListItem\",\"position\":1,\"item\":{\"@type\":\"WebPage\",\"@id\":\"https:\/\/akalinmetal.com\/\",\"url\":\"https:\/\/akalinmetal.com\/\",\"name\":\"Anasayfa\"}},{\"@type\":\"ListItem\",\"position\":2,\"item\":{\"@type\":\"WebPage\",\"@id\":\"https:\/\/akalinmetal.com\/iletisim\/\",\"url\":\"https:\/\/akalinmetal.com\/iletisim\/\",\"name\":\"\\u0130LET\\u0130\\u015e\\u0130M\"}}]}]}<\/script>\n<!-- \/ Yoast SEO plugin. -->","_links":{"self":[{"href":"https:\/\/akalinmetal.com\/en\/wp-json\/wp\/v2\/pages\/1167"}],"collection":[{"href":"https:\/\/akalinmetal.com\/en\/wp-json\/wp\/v2\/pages"}],"about":[{"href":"https:\/\/akalinmetal.com\/en\/wp-json\/wp\/v2\/types\/page"}],"author":[{"embeddable":true,"href":"https:\/\/akalinmetal.com\/en\/wp-json\/wp\/v2\/users\/1"}],"replies":[{"embeddable":true,"href":"https:\/\/akalinmetal.com\/en\/wp-json\/wp\/v2\/comments?post=1167"}],"version-history":[{"count":23,"href":"https:\/\/akalinmetal.com\/en\/wp-json\/wp\/v2\/pages\/1167\/revisions"}],"predecessor-version":[{"id":3317,"href":"https:\/\/akalinmetal.com\/en\/wp-json\/wp\/v2\/pages\/1167\/revisions\/3317"}],"wp:attachment":[{"href":"https:\/\/akalinmetal.com\/en\/wp-json\/wp\/v2\/media?parent=1167"}],"curies":[{"name":"wp","href":"https:\/\/api.w.org\/{rel}","templated":true}]}}