{"id":1195,"date":"2013-04-05T16:38:18","date_gmt":"2013-04-05T16:38:18","guid":{"rendered":"http:\/\/www.kriesi.at\/themes\/enfold\/?page_id=1195"},"modified":"2021-03-10T18:03:41","modified_gmt":"2021-03-10T15:03:41","slug":"hakkimizda","status":"publish","type":"page","link":"https:\/\/akalinmetal.com\/en\/hakkimizda\/","title":{"rendered":"ABOUT US"},"content":{"rendered":"<div class=\"flex_column av_one_half  flex_column_div first  avia-builder-el-0  el_before_av_one_half  avia-builder-el-first\" ><div   data-size='portfolio'  data-lightbox_size='large'  data-animation='slide'  data-conditional_play=''  data-ids='3315'  data-video_counter='0'  data-autoplay='true'  data-bg_slider='false'  data-slide_height=''  data-handle='av_slideshow'  data-interval='5'  data-class=' avia-builder-el-1  avia-builder-el-no-sibling   avia-small-width-slider'  data-el_id=''  data-css_id=''  data-scroll_down=''  data-control_layout='av-control-default'  data-custom_markup=''  data-perma_caption=''  data-autoplay_stopper=''  data-image_attachment=''  data-min_height='0px'  data-lazy_loading='disabled'  data-default-height='80.808080808081'  class='avia-slideshow avia-slideshow-1  av-control-default av-default-height-applied avia-slideshow-portfolio av_slideshow  avia-builder-el-1  avia-builder-el-no-sibling   avia-small-width-slider avia-slide-slider'  itemprop=\"image\" itemscope=\"itemscope\" itemtype=\"https:\/\/schema.org\/ImageObject\" ><ul class='avia-slideshow-inner' style='padding-bottom: 74.074074074074%;' ><li  class='av-single-slide slide-1' ><div data-rel='slideshow-1' class='avia-slide-wrap'   ><img class=\"wp-image-3315 avia-img-lazy-loading-not-3315\"  src=\"https:\/\/akalinmetal.com\/wp-content\/uploads\/2021\/03\/100_2469.png\" width=\"270\" height=\"200\" title='100_2469' alt=''  itemprop=\"thumbnailUrl\"   \/><\/div><\/li><\/ul><\/div><\/div>\n<div class=\"flex_column av_one_half  flex_column_div   avia-builder-el-2  el_after_av_one_half  avia-builder-el-last\" ><p><div  style='padding-bottom:10px; ' class='av-special-heading av-special-heading-h3 meta-heading   avia-builder-el-3  el_before_av_textblock  avia-builder-el-first'><h3 class='av-special-heading-tag'  itemprop=\"headline\"  >ABOUT US<\/h3><div class='special-heading-border'><div class='special-heading-inner-border' ><\/div><\/div><\/div><br \/>\n<section class=\"av_textblock_section\"  itemscope=\"itemscope\" itemtype=\"https:\/\/schema.org\/CreativeWork\" ><div class='avia_textblock'   itemprop=\"text\" ><p class=\"style22\">Sa&ccedil; \u015fekillendirme ve otomat par&ccedil;a &uuml;retimi alan\u0131nda faaliyet g&ouml;steren AKALIN M&Uuml;HEND\u0130SL\u0130K METAL \u0131s\u0131tma-havaland\u0131rma, otomotiv, motosiklet-bisiklet, savunma, ayd\u0131nlatma, elektrik-elektronik sekt&ouml;rlerine hizmet vermektedir.<\/p>\n<p class=\"style22\">AKALIN M&Uuml;HEND\u0130SL\u0130K METAL; g&uuml;ncel &uuml;retim teknolojisi, y&uuml;ksek &uuml;r&uuml;n kalitesi ile m&uuml;\u015fterilerine &ccedil;&ouml;z&uuml;m ve g&uuml;venilirlik sunan bir m&uuml;hendislik firmas\u0131d\u0131r.<\/p>\n<p class=\"style22\">&nbsp;<\/p>\n<p class=\"style22\"><img loading=\"lazy\" class=\"alignnone size-full wp-image-3506\" style=\"float: right;\" src=\"..\/wp-content\/uploads\/2021\/03\/iso-9001_2000small.gif\" alt=\"\" width=\"74\" height=\"45\" srcset=\"https:\/\/akalinmetal.com\/wp-content\/uploads\/2021\/03\/iso-9001_2000small.gif 74w, https:\/\/akalinmetal.com\/wp-content\/uploads\/2021\/03\/iso-9001_2000small-16x10.gif 16w\" sizes=\"(max-width: 74px) 100vw, 74px\" \/><\/p>\n<h4>&nbsp;<\/h4>\n<\/div><\/section><\/p><\/div>","protected":false},"excerpt":{"rendered":"","protected":false},"author":1,"featured_media":0,"parent":0,"menu_order":0,"comment_status":"open","ping_status":"open","template":"","meta":[],"yoast_head":"<!-- This site is optimized with the Yoast SEO plugin v15.9.1 - https:\/\/yoast.com\/wordpress\/plugins\/seo\/ -->\n<title>HAKKIMIZDA &mdash; Akalin M\u00fchendislik Metal<\/title>\n<link rel=\"canonical\" href=\"https:\/\/akalinmetal.com\/en\/hakkimizda\/\" \/>\n<meta property=\"og:locale\" content=\"en_US\" \/>\n<meta property=\"og:type\" content=\"article\" \/>\n<meta property=\"og:title\" content=\"HAKKIMIZDA &mdash; Akalin M\u00fchendislik Metal\" \/>\n<meta property=\"og:url\" content=\"https:\/\/akalinmetal.com\/en\/hakkimizda\/\" \/>\n<meta property=\"og:site_name\" content=\"Akalin M\u00fchendislik Metal\" \/>\n<meta property=\"article:modified_time\" content=\"2021-03-10T15:03:41+00:00\" \/>\n<meta property=\"og:image\" content=\"http:\/\/..\/wp-content\/uploads\/2021\/03\/iso-9001_2000small.gif\" \/>\n<meta name=\"twitter:card\" content=\"summary_large_image\" \/>\n<meta name=\"twitter:label1\" content=\"Est. reading time\">\n\t<meta name=\"twitter:data1\" content=\"2 minutes\">\n<script type=\"application\/ld+json\" class=\"yoast-schema-graph\">{\"@context\":\"https:\/\/schema.org\",\"@graph\":[{\"@type\":\"Organization\",\"@id\":\"https:\/\/akalinmetal.com\/#organization\",\"name\":\"Akal\\u0131n M\\u00fchendislik Metal San. Tic. Ltd. \\u015eti.\",\"url\":\"https:\/\/akalinmetal.com\/\",\"sameAs\":[],\"logo\":{\"@type\":\"ImageObject\",\"@id\":\"https:\/\/akalinmetal.com\/#logo\",\"inLanguage\":\"en-US\",\"url\":\"https:\/\/akalinmetal.com\/wp-content\/uploads\/2021\/03\/logo_wp-2.png\",\"width\":263,\"height\":84,\"caption\":\"Akal\\u0131n M\\u00fchendislik Metal San. Tic. Ltd. \\u015eti.\"},\"image\":{\"@id\":\"https:\/\/akalinmetal.com\/#logo\"}},{\"@type\":\"WebSite\",\"@id\":\"https:\/\/akalinmetal.com\/#website\",\"url\":\"https:\/\/akalinmetal.com\/\",\"name\":\"Akalin M\\u00fchendislik Metal\",\"description\":\"\",\"publisher\":{\"@id\":\"https:\/\/akalinmetal.com\/#organization\"},\"potentialAction\":[{\"@type\":\"SearchAction\",\"target\":\"https:\/\/akalinmetal.com\/?s={search_term_string}\",\"query-input\":\"required name=search_term_string\"}],\"inLanguage\":\"en-US\"},{\"@type\":\"ImageObject\",\"@id\":\"https:\/\/akalinmetal.com\/hakkimizda\/#primaryimage\",\"inLanguage\":\"en-US\",\"url\":\"..\/wp-content\/uploads\/2021\/03\/iso-9001_2000small.gif\"},{\"@type\":\"WebPage\",\"@id\":\"https:\/\/akalinmetal.com\/hakkimizda\/#webpage\",\"url\":\"https:\/\/akalinmetal.com\/hakkimizda\/\",\"name\":\"HAKKIMIZDA &mdash; Akalin M\\u00fchendislik Metal\",\"isPartOf\":{\"@id\":\"https:\/\/akalinmetal.com\/#website\"},\"primaryImageOfPage\":{\"@id\":\"https:\/\/akalinmetal.com\/hakkimizda\/#primaryimage\"},\"datePublished\":\"2013-04-05T16:38:18+00:00\",\"dateModified\":\"2021-03-10T15:03:41+00:00\",\"breadcrumb\":{\"@id\":\"https:\/\/akalinmetal.com\/hakkimizda\/#breadcrumb\"},\"inLanguage\":\"en-US\",\"potentialAction\":[{\"@type\":\"ReadAction\",\"target\":[\"https:\/\/akalinmetal.com\/hakkimizda\/\"]}]},{\"@type\":\"BreadcrumbList\",\"@id\":\"https:\/\/akalinmetal.com\/hakkimizda\/#breadcrumb\",\"itemListElement\":[{\"@type\":\"ListItem\",\"position\":1,\"item\":{\"@type\":\"WebPage\",\"@id\":\"https:\/\/akalinmetal.com\/\",\"url\":\"https:\/\/akalinmetal.com\/\",\"name\":\"Anasayfa\"}},{\"@type\":\"ListItem\",\"position\":2,\"item\":{\"@type\":\"WebPage\",\"@id\":\"https:\/\/akalinmetal.com\/hakkimizda\/\",\"url\":\"https:\/\/akalinmetal.com\/hakkimizda\/\",\"name\":\"HAKKIMIZDA\"}}]}]}<\/script>\n<!-- \/ Yoast SEO plugin. -->","_links":{"self":[{"href":"https:\/\/akalinmetal.com\/en\/wp-json\/wp\/v2\/pages\/1195"}],"collection":[{"href":"https:\/\/akalinmetal.com\/en\/wp-json\/wp\/v2\/pages"}],"about":[{"href":"https:\/\/akalinmetal.com\/en\/wp-json\/wp\/v2\/types\/page"}],"author":[{"embeddable":true,"href":"https:\/\/akalinmetal.com\/en\/wp-json\/wp\/v2\/users\/1"}],"replies":[{"embeddable":true,"href":"https:\/\/akalinmetal.com\/en\/wp-json\/wp\/v2\/comments?post=1195"}],"version-history":[{"count":9,"href":"https:\/\/akalinmetal.com\/en\/wp-json\/wp\/v2\/pages\/1195\/revisions"}],"predecessor-version":[{"id":3514,"href":"https:\/\/akalinmetal.com\/en\/wp-json\/wp\/v2\/pages\/1195\/revisions\/3514"}],"wp:attachment":[{"href":"https:\/\/akalinmetal.com\/en\/wp-json\/wp\/v2\/media?parent=1195"}],"curies":[{"name":"wp","href":"https:\/\/api.w.org\/{rel}","templated":true}]}}