{"id":3275,"date":"2021-03-01T22:31:19","date_gmt":"2021-03-01T19:31:19","guid":{"rendered":"http:\/\/akalinmetal.com\/?page_id=3275"},"modified":"2021-03-11T11:16:03","modified_gmt":"2021-03-11T08:16:03","slug":"firma-profili","status":"publish","type":"page","link":"https:\/\/akalinmetal.com\/en\/firma-profili\/","title":{"rendered":"COMPANY PROFILE"},"content":{"rendered":"<div class=\"flex_column av_one_full  flex_column_div first  avia-builder-el-0  avia-builder-el-no-sibling\" ><p><div  style='padding-bottom:10px; ' class='av-special-heading av-special-heading-h3 meta-heading   avia-builder-el-1  el_before_av_textblock  avia-builder-el-first'><h3 class='av-special-heading-tag'  itemprop=\"headline\"  >COMPANY PROFILE<\/h3><div class='special-heading-border'><div class='special-heading-inner-border' ><\/div><\/div><\/div><br \/>\n<section class=\"av_textblock_section\"  itemscope=\"itemscope\" itemtype=\"https:\/\/schema.org\/CreativeWork\" ><div class='avia_textblock'   itemprop=\"text\" ><ol>\n<li>AKALIN M\u00dcHEND\u0130SL\u0130K-\u0130MALAT SAN. ad\u0131yla 1996&#8217;da kurulan firmam\u0131z tala\u015fl\u0131 ve tala\u015fs\u0131z imalat \u00fczerine her t\u00fcrl\u00fc metal par\u00e7a \u00fcretimi alanlar\u0131nda faaliyet g\u00f6stermektedir. Firmam\u0131z 2006 y\u0131l\u0131nda AKALIN METAL SANAY\u0130 ve T\u0130CARET Necmiye AKALIN\u00a0ad\u0131n\u0131 alm\u0131\u015ft\u0131r.<\/li>\n<li><img loading=\"lazy\" class=\"wp-image-3439 alignright\" src=\"http:\/\/akalinmetal.com\/wp-content\/uploads\/2021\/03\/CNC_100_2469-2.png\" alt=\"\" width=\"362\" height=\"257\" \/>AKALIN ENGINEERING METAL, is a company of engineers ensured to its customers solubility and reliabilty with improved production technology and qualified products. To provide a high and continuous qualitiy level and efficiency in production, all related activities are developed according to ISO 9001 Qualitiy Management System. AKALIN METAL has K-Q TSE-ISO-EN 9000 Qualitiy Management System Certificate<\/li>\n<li>AKALIN M\u00dcHEND\u0130SL\u0130K METAL; g\u00fcncel \u00fcretim teknolojisi, y\u00fcksek \u00fcr\u00fcn kalitesi ile m\u00fc\u015fterilerine \u00e7\u00f6z\u00fcm ve g\u00fcvenilirlik sunan bir m\u00fchendislik firmas\u0131d\u0131r. \u0130leri teknoloji gerektiren \u00fcretim faaliyetlerinde g\u00fcvenilir bir kalite seviyesi ve y\u00fcksek verimlilik sa\u011flanabilmesi i\u00e7in AKALIN M\u00dcHEND\u0130SL\u0130K METAL&#8217;deki kalite sistemi ISO 9001 Kalite G\u00fcvence Sistemi do\u011frultusunda geli\u015ftirilmi\u015ftir. Firmam\u0131z, T\u00fcrk Standartlar\u0131 Enstit\u00fcs\u00fc K-Q TSE-ISO-EN 9000 Kalite Y\u00f6netim Sistemi Belgesine sahiptir.<\/li>\n<li>The main target of the company, continuosly update the production plant ,quality department instruments and toolings; produce high qualified products in order to provide customer satisfaction. AKALIN ENGINEERING METAL has gained a succes in the long term by the reliance and support of the customers.<\/li>\n<li>The main goal of our company; to continuously renew production lines by closely following the developing technology and to provide unconditional customer satisfaction by performing high quality products. AKALIN ENGINEERING METAL is successful in the long term with the trust and support of the companies it provides sub-industry service.<\/li>\n<li>The continuous renewal of our current production technology is a guarantee of our product quality but also provides faster production and lower cost opportunities.<\/li>\n<\/ol>\n<p><img loading=\"lazy\" class=\"alignnone size-full wp-image-3506\" style=\"float: right;\" src=\"..\/wp-content\/uploads\/2021\/03\/iso-9001_2000small.gif\" alt=\"\" width=\"74\" height=\"45\" srcset=\"https:\/\/akalinmetal.com\/wp-content\/uploads\/2021\/03\/iso-9001_2000small.gif 74w, https:\/\/akalinmetal.com\/wp-content\/uploads\/2021\/03\/iso-9001_2000small-16x10.gif 16w\" sizes=\"(max-width: 74px) 100vw, 74px\" \/><\/p>\n<h4><\/h4>\n<\/div><\/section><\/p><\/div>","protected":false},"excerpt":{"rendered":"","protected":false},"author":1,"featured_media":0,"parent":0,"menu_order":0,"comment_status":"open","ping_status":"open","template":"","meta":[],"yoast_head":"<!-- This site is optimized with the Yoast SEO plugin v15.9.1 - https:\/\/yoast.com\/wordpress\/plugins\/seo\/ -->\n<title>F\u0130RMA PROF\u0130L\u0130 &mdash; Akalin M\u00fchendislik Metal<\/title>\n<link rel=\"canonical\" href=\"https:\/\/akalinmetal.com\/en\/firma-profili\/\" \/>\n<meta property=\"og:locale\" content=\"en_US\" \/>\n<meta property=\"og:type\" content=\"article\" \/>\n<meta property=\"og:title\" content=\"F\u0130RMA PROF\u0130L\u0130 &mdash; Akalin M\u00fchendislik Metal\" \/>\n<meta property=\"og:url\" content=\"https:\/\/akalinmetal.com\/en\/firma-profili\/\" \/>\n<meta property=\"og:site_name\" content=\"Akalin M\u00fchendislik Metal\" \/>\n<meta property=\"article:modified_time\" content=\"2021-03-11T08:16:03+00:00\" \/>\n<meta property=\"og:image\" content=\"http:\/\/akalinmetal.com\/wp-content\/uploads\/2021\/03\/CNC_100_2469-2.png\" \/>\n<meta name=\"twitter:card\" content=\"summary_large_image\" \/>\n<meta name=\"twitter:label1\" content=\"Est. reading time\">\n\t<meta name=\"twitter:data1\" content=\"2 minutes\">\n<script type=\"application\/ld+json\" class=\"yoast-schema-graph\">{\"@context\":\"https:\/\/schema.org\",\"@graph\":[{\"@type\":\"Organization\",\"@id\":\"https:\/\/akalinmetal.com\/#organization\",\"name\":\"Akal\\u0131n M\\u00fchendislik Metal San. Tic. Ltd. \\u015eti.\",\"url\":\"https:\/\/akalinmetal.com\/\",\"sameAs\":[],\"logo\":{\"@type\":\"ImageObject\",\"@id\":\"https:\/\/akalinmetal.com\/#logo\",\"inLanguage\":\"en-US\",\"url\":\"https:\/\/akalinmetal.com\/wp-content\/uploads\/2021\/03\/logo_wp-2.png\",\"width\":263,\"height\":84,\"caption\":\"Akal\\u0131n M\\u00fchendislik Metal San. Tic. Ltd. \\u015eti.\"},\"image\":{\"@id\":\"https:\/\/akalinmetal.com\/#logo\"}},{\"@type\":\"WebSite\",\"@id\":\"https:\/\/akalinmetal.com\/#website\",\"url\":\"https:\/\/akalinmetal.com\/\",\"name\":\"Akalin M\\u00fchendislik Metal\",\"description\":\"\",\"publisher\":{\"@id\":\"https:\/\/akalinmetal.com\/#organization\"},\"potentialAction\":[{\"@type\":\"SearchAction\",\"target\":\"https:\/\/akalinmetal.com\/?s={search_term_string}\",\"query-input\":\"required name=search_term_string\"}],\"inLanguage\":\"en-US\"},{\"@type\":\"ImageObject\",\"@id\":\"https:\/\/akalinmetal.com\/firma-profili\/#primaryimage\",\"inLanguage\":\"en-US\",\"url\":\"http:\/\/akalinmetal.com\/wp-content\/uploads\/2021\/03\/CNC_100_2469-2.png\"},{\"@type\":\"WebPage\",\"@id\":\"https:\/\/akalinmetal.com\/firma-profili\/#webpage\",\"url\":\"https:\/\/akalinmetal.com\/firma-profili\/\",\"name\":\"F\\u0130RMA PROF\\u0130L\\u0130 &mdash; Akalin M\\u00fchendislik Metal\",\"isPartOf\":{\"@id\":\"https:\/\/akalinmetal.com\/#website\"},\"primaryImageOfPage\":{\"@id\":\"https:\/\/akalinmetal.com\/firma-profili\/#primaryimage\"},\"datePublished\":\"2021-03-01T19:31:19+00:00\",\"dateModified\":\"2021-03-11T08:16:03+00:00\",\"breadcrumb\":{\"@id\":\"https:\/\/akalinmetal.com\/firma-profili\/#breadcrumb\"},\"inLanguage\":\"en-US\",\"potentialAction\":[{\"@type\":\"ReadAction\",\"target\":[\"https:\/\/akalinmetal.com\/firma-profili\/\"]}]},{\"@type\":\"BreadcrumbList\",\"@id\":\"https:\/\/akalinmetal.com\/firma-profili\/#breadcrumb\",\"itemListElement\":[{\"@type\":\"ListItem\",\"position\":1,\"item\":{\"@type\":\"WebPage\",\"@id\":\"https:\/\/akalinmetal.com\/\",\"url\":\"https:\/\/akalinmetal.com\/\",\"name\":\"Anasayfa\"}},{\"@type\":\"ListItem\",\"position\":2,\"item\":{\"@type\":\"WebPage\",\"@id\":\"https:\/\/akalinmetal.com\/firma-profili\/\",\"url\":\"https:\/\/akalinmetal.com\/firma-profili\/\",\"name\":\"F\\u0130RMA PROF\\u0130L\\u0130\"}}]}]}<\/script>\n<!-- \/ Yoast SEO plugin. -->","_links":{"self":[{"href":"https:\/\/akalinmetal.com\/en\/wp-json\/wp\/v2\/pages\/3275"}],"collection":[{"href":"https:\/\/akalinmetal.com\/en\/wp-json\/wp\/v2\/pages"}],"about":[{"href":"https:\/\/akalinmetal.com\/en\/wp-json\/wp\/v2\/types\/page"}],"author":[{"embeddable":true,"href":"https:\/\/akalinmetal.com\/en\/wp-json\/wp\/v2\/users\/1"}],"replies":[{"embeddable":true,"href":"https:\/\/akalinmetal.com\/en\/wp-json\/wp\/v2\/comments?post=3275"}],"version-history":[{"count":18,"href":"https:\/\/akalinmetal.com\/en\/wp-json\/wp\/v2\/pages\/3275\/revisions"}],"predecessor-version":[{"id":3519,"href":"https:\/\/akalinmetal.com\/en\/wp-json\/wp\/v2\/pages\/3275\/revisions\/3519"}],"wp:attachment":[{"href":"https:\/\/akalinmetal.com\/en\/wp-json\/wp\/v2\/media?parent=3275"}],"curies":[{"name":"wp","href":"https:\/\/api.w.org\/{rel}","templated":true}]}}