{"id":3301,"date":"2021-03-01T23:05:50","date_gmt":"2021-03-01T20:05:50","guid":{"rendered":"http:\/\/akalinmetal.com\/?page_id=3301"},"modified":"2021-03-08T12:02:43","modified_gmt":"2021-03-08T09:02:43","slug":"urunler","status":"publish","type":"page","link":"https:\/\/akalinmetal.com\/en\/urunler\/","title":{"rendered":"PRODUCTION"},"content":{"rendered":"<div id='av_section_1'  class='avia-section main_color avia-section-default avia-no-border-styling  avia-bg-style-scroll  avia-builder-el-0  el_before_av_section  avia-builder-el-first   container_wrap sidebar_right' style=' '  ><div class='container' ><main  role=\"main\" itemprop=\"mainContentOfPage\"  class='template-page content  av-content-small alpha units'><div class='post-entry post-entry-type-page post-entry-3301'><div class='entry-content-wrapper clearfix'>\n<div  style='padding-bottom:10px; ' class='av-special-heading av-special-heading-h1  blockquote modern-quote modern-centered  avia-builder-el-1  el_before_av_hr  avia-builder-el-first'><h1 class='av-special-heading-tag'  itemprop=\"headline\"  >CNC Workshop<\/h1><div class='special-heading-border'><div class='special-heading-inner-border' ><\/div><\/div><\/div>\n<div   class='hr hr-short hr-center   avia-builder-el-2  el_after_av_heading  el_before_av_textblock'><span class='hr-inner' ><span class='hr-inner-style'><\/span><\/span><\/div>\n<section class=\"av_textblock_section\"  itemscope=\"itemscope\" itemtype=\"https:\/\/schema.org\/CreativeWork\" ><div class='avia_textblock'   itemprop=\"text\" ><section class=\"av_textblock_section\">\n<div class=\"avia_textblock\">\n<p style=\"text-align: center;\">Up to \u01fe=42mm rods, \u01fe=up to 320mm parts in C-Y-axis CNC lathes.<\/p>\n<\/div>\n<\/section>\n<\/div><\/section>\n<div class=\"flex_column av_one_fourth  flex_column_div av-zero-column-padding first  avia-builder-el-4  el_after_av_textblock  el_before_av_one_fourth  column-top-margin\" style='border-radius:0px; '><div  class='avia-image-container  av-styling- av-hover-grow   avia-builder-el-5  avia-builder-el-no-sibling  avia-align-center'  itemprop=\"image\" itemscope=\"itemscope\" itemtype=\"https:\/\/schema.org\/ImageObject\"  ><div class='avia-image-container-inner'><div class='avia-image-overlay-wrap'><img class='wp-image-3441 avia-img-lazy-loading-not-3441 avia_image' src=\"https:\/\/akalinmetal.com\/wp-content\/uploads\/2021\/03\/uretim6a_DSCF2714.jpg\" alt='' title='uretim6a_DSCF2714' height=\"1268\" width=\"2197\"  itemprop=\"thumbnailUrl\" srcset=\"https:\/\/akalinmetal.com\/wp-content\/uploads\/2021\/03\/uretim6a_DSCF2714.jpg 2197w, https:\/\/akalinmetal.com\/wp-content\/uploads\/2021\/03\/uretim6a_DSCF2714-300x173.jpg 300w, https:\/\/akalinmetal.com\/wp-content\/uploads\/2021\/03\/uretim6a_DSCF2714-1030x594.jpg 1030w, https:\/\/akalinmetal.com\/wp-content\/uploads\/2021\/03\/uretim6a_DSCF2714-768x443.jpg 768w, https:\/\/akalinmetal.com\/wp-content\/uploads\/2021\/03\/uretim6a_DSCF2714-1536x887.jpg 1536w, https:\/\/akalinmetal.com\/wp-content\/uploads\/2021\/03\/uretim6a_DSCF2714-2048x1182.jpg 2048w, https:\/\/akalinmetal.com\/wp-content\/uploads\/2021\/03\/uretim6a_DSCF2714-1500x866.jpg 1500w, https:\/\/akalinmetal.com\/wp-content\/uploads\/2021\/03\/uretim6a_DSCF2714-705x407.jpg 705w\" sizes=\"(max-width: 2197px) 100vw, 2197px\" \/><\/div><\/div><\/div><\/div><div class=\"flex_column av_one_fourth  flex_column_div av-zero-column-padding   avia-builder-el-6  el_after_av_one_fourth  el_before_av_one_fourth  column-top-margin\" style='border-radius:0px; '><div  class='avia-image-container  av-styling- av-hover-grow   avia-builder-el-7  avia-builder-el-no-sibling  avia-align-center'  itemprop=\"image\" itemscope=\"itemscope\" itemtype=\"https:\/\/schema.org\/ImageObject\"  ><div class='avia-image-container-inner'><div class='avia-image-overlay-wrap'><img class='wp-image-3439 avia-img-lazy-loading-not-3439 avia_image' src=\"https:\/\/akalinmetal.com\/wp-content\/uploads\/2021\/03\/CNC_100_2469-2.png\" alt='' title='CNC_100_2469 (2)' height=\"178\" width=\"250\"  itemprop=\"thumbnailUrl\"  \/><\/div><\/div><\/div><\/div><div class=\"flex_column av_one_fourth  flex_column_div av-zero-column-padding   avia-builder-el-8  el_after_av_one_fourth  el_before_av_one_fourth  column-top-margin\" style='border-radius:0px; '><div  class='avia-image-container  av-styling- av-hover-grow   avia-builder-el-9  avia-builder-el-no-sibling  avia-align-center'  itemprop=\"image\" itemscope=\"itemscope\" itemtype=\"https:\/\/schema.org\/ImageObject\"  ><div class='avia-image-container-inner'><div class='avia-image-overlay-wrap'><img class='wp-image-3438 avia-img-lazy-loading-not-3438 avia_image' src=\"https:\/\/akalinmetal.com\/wp-content\/uploads\/2021\/03\/cnc2501-2-1-300x191.jpg\" alt='' title='cnc2501 (2)' height=\"191\" width=\"300\"  itemprop=\"thumbnailUrl\" srcset=\"https:\/\/akalinmetal.com\/wp-content\/uploads\/2021\/03\/cnc2501-2-1-300x191.jpg 300w, https:\/\/akalinmetal.com\/wp-content\/uploads\/2021\/03\/cnc2501-2-1-1030x655.jpg 1030w, https:\/\/akalinmetal.com\/wp-content\/uploads\/2021\/03\/cnc2501-2-1-768x489.jpg 768w, https:\/\/akalinmetal.com\/wp-content\/uploads\/2021\/03\/cnc2501-2-1-1536x977.jpg 1536w, https:\/\/akalinmetal.com\/wp-content\/uploads\/2021\/03\/cnc2501-2-1-2048x1303.jpg 2048w, https:\/\/akalinmetal.com\/wp-content\/uploads\/2021\/03\/cnc2501-2-1-1500x954.jpg 1500w, https:\/\/akalinmetal.com\/wp-content\/uploads\/2021\/03\/cnc2501-2-1-705x448.jpg 705w\" sizes=\"(max-width: 300px) 100vw, 300px\" \/><\/div><\/div><\/div><\/div><div class=\"flex_column av_one_fourth  flex_column_div av-zero-column-padding   avia-builder-el-10  el_after_av_one_fourth  el_before_av_one_fourth  column-top-margin\" style='border-radius:0px; '><div  class='avia-image-container  av-styling- av-hover-grow   avia-builder-el-11  avia-builder-el-no-sibling  avia-align-center'  itemprop=\"image\" itemscope=\"itemscope\" itemtype=\"https:\/\/schema.org\/ImageObject\"  ><div class='avia-image-container-inner'><div class='avia-image-overlay-wrap'><img class='wp-image-3388 avia-img-lazy-loading-not-3388 avia_image' src=\"https:\/\/akalinmetal.com\/wp-content\/uploads\/2021\/03\/uretim3-1.jpg\" alt='' title='uretim3' height=\"224\" width=\"297\"  itemprop=\"thumbnailUrl\"  \/><\/div><\/div><\/div><\/div><div class=\"flex_column av_one_fourth  flex_column_div av-zero-column-padding first  avia-builder-el-12  el_after_av_one_fourth  el_before_av_one_fourth  column-top-margin\" style='border-radius:0px; '><div  class='avia-image-container  av-styling- av-hover-grow   avia-builder-el-13  avia-builder-el-no-sibling  avia-align-center'  itemprop=\"image\" itemscope=\"itemscope\" itemtype=\"https:\/\/schema.org\/ImageObject\"  ><div class='avia-image-container-inner'><div class='avia-image-overlay-wrap'><img class='wp-image-3387 avia-img-lazy-loading-not-3387 avia_image' src=\"https:\/\/akalinmetal.com\/wp-content\/uploads\/2021\/03\/uretim4.jpg\" alt='' title='uretim4' height=\"224\" width=\"297\"  itemprop=\"thumbnailUrl\"  \/><\/div><\/div><\/div><\/div><div class=\"flex_column av_one_fourth  flex_column_div av-zero-column-padding   avia-builder-el-14  el_after_av_one_fourth  avia-builder-el-last  column-top-margin\" style='border-radius:0px; '><div  class='avia-image-container  av-styling- av-hover-grow   avia-builder-el-15  avia-builder-el-no-sibling  avia-align-center'  itemprop=\"image\" itemscope=\"itemscope\" itemtype=\"https:\/\/schema.org\/ImageObject\"  ><div class='avia-image-container-inner'><div class='avia-image-overlay-wrap'><img class='wp-image-3384 avia-img-lazy-loading-not-3384 avia_image' src=\"https:\/\/akalinmetal.com\/wp-content\/uploads\/2021\/03\/uretim2.jpg\" alt='' title='uretim2' height=\"224\" width=\"297\"  itemprop=\"thumbnailUrl\"  \/><\/div><\/div><\/div><\/div>\n\n<\/div><\/div><\/main><!-- close content main element --><\/div><\/div><div id='av_section_2'  class='avia-section main_color avia-section-default avia-no-border-styling  avia-bg-style-scroll  avia-builder-el-16  el_after_av_section  el_before_av_hr   container_wrap sidebar_right' style=' '  ><div class='container' ><div class='template-page content  av-content-small alpha units'><div class='post-entry post-entry-type-page post-entry-3301'><div class='entry-content-wrapper clearfix'>\n<div  style='padding-bottom:10px; ' class='av-special-heading av-special-heading-h1  blockquote modern-quote modern-centered  avia-builder-el-17  el_before_av_hr  avia-builder-el-first'><h1 class='av-special-heading-tag'  itemprop=\"headline\"  >Sheet metal workshop<\/h1><div class='special-heading-border'><div class='special-heading-inner-border' ><\/div><\/div><\/div>\n<div   class='hr hr-short hr-center   avia-builder-el-18  el_after_av_heading  el_before_av_textblock'><span class='hr-inner' ><span class='hr-inner-style'><\/span><\/span><\/div>\n<section class=\"av_textblock_section\"  itemscope=\"itemscope\" itemtype=\"https:\/\/schema.org\/CreativeWork\" ><div class='avia_textblock'   itemprop=\"text\" ><section class=\"av_textblock_section\">\n<div class=\"avia_textblock\">\n<p style=\"text-align: center;\">Cutting, bending, forming,hole shaping processes of steel,  stainless steel, aluminium, brass and copper sheets in 10-120 tonnes eccentric  presses<\/p>\n<\/div>\n<\/section>\n<\/div><\/section>\n<div class=\"flex_column av_one_fourth  flex_column_div av-zero-column-padding first  avia-builder-el-20  el_after_av_textblock  avia-builder-el-last  column-top-margin\" style='border-radius:0px; '><div  class='avia-image-container  av-styling- av-hover-grow   avia-builder-el-21  avia-builder-el-no-sibling  avia-align-center'  itemprop=\"image\" itemscope=\"itemscope\" itemtype=\"https:\/\/schema.org\/ImageObject\"  ><div class='avia-image-container-inner'><div class='avia-image-overlay-wrap'><img class='wp-image-3413 avia-img-lazy-loading-not-3413 avia_image' src=\"https:\/\/akalinmetal.com\/wp-content\/uploads\/2021\/03\/uretim1.jpg\" alt='' title='uretim1' height=\"224\" width=\"297\"  itemprop=\"thumbnailUrl\"  \/><\/div><\/div><\/div><\/div><\/div><\/div><\/div><!-- close content main div --><\/div><\/div><div id='after_section_2'  class='main_color av_default_container_wrap container_wrap sidebar_right' style=' '  ><div class='container' ><div class='template-page content  av-content-small alpha units'><div class='post-entry post-entry-type-page post-entry-3301'><div class='entry-content-wrapper clearfix'><div  style='height:50px' class='hr hr-invisible   avia-builder-el-22  el_after_av_section  avia-builder-el-no-sibling'><span class='hr-inner' ><span class='hr-inner-style'><\/span><\/span><\/div><\/p>","protected":false},"excerpt":{"rendered":"","protected":false},"author":1,"featured_media":0,"parent":0,"menu_order":0,"comment_status":"open","ping_status":"closed","template":"","meta":[],"yoast_head":"<!-- This site is optimized with the Yoast SEO plugin v15.9.1 - https:\/\/yoast.com\/wordpress\/plugins\/seo\/ -->\n<title>\u00dcR\u00dcNLER &mdash; Akalin M\u00fchendislik Metal<\/title>\n<link rel=\"canonical\" href=\"https:\/\/akalinmetal.com\/en\/urunler\/\" \/>\n<meta property=\"og:locale\" content=\"en_US\" \/>\n<meta property=\"og:type\" content=\"article\" \/>\n<meta property=\"og:title\" content=\"\u00dcR\u00dcNLER &mdash; Akalin M\u00fchendislik Metal\" \/>\n<meta property=\"og:url\" content=\"https:\/\/akalinmetal.com\/en\/urunler\/\" \/>\n<meta property=\"og:site_name\" content=\"Akalin M\u00fchendislik Metal\" \/>\n<meta property=\"article:modified_time\" content=\"2021-03-08T09:02:43+00:00\" \/>\n<meta name=\"twitter:card\" content=\"summary_large_image\" \/>\n<meta name=\"twitter:label1\" content=\"Est. reading time\">\n\t<meta name=\"twitter:data1\" content=\"11 minutes\">\n<script type=\"application\/ld+json\" class=\"yoast-schema-graph\">{\"@context\":\"https:\/\/schema.org\",\"@graph\":[{\"@type\":\"Organization\",\"@id\":\"https:\/\/akalinmetal.com\/#organization\",\"name\":\"Akal\\u0131n M\\u00fchendislik Metal San. Tic. Ltd. \\u015eti.\",\"url\":\"https:\/\/akalinmetal.com\/\",\"sameAs\":[],\"logo\":{\"@type\":\"ImageObject\",\"@id\":\"https:\/\/akalinmetal.com\/#logo\",\"inLanguage\":\"en-US\",\"url\":\"https:\/\/akalinmetal.com\/wp-content\/uploads\/2021\/03\/logo_wp-2.png\",\"width\":263,\"height\":84,\"caption\":\"Akal\\u0131n M\\u00fchendislik Metal San. Tic. Ltd. \\u015eti.\"},\"image\":{\"@id\":\"https:\/\/akalinmetal.com\/#logo\"}},{\"@type\":\"WebSite\",\"@id\":\"https:\/\/akalinmetal.com\/#website\",\"url\":\"https:\/\/akalinmetal.com\/\",\"name\":\"Akalin M\\u00fchendislik Metal\",\"description\":\"\",\"publisher\":{\"@id\":\"https:\/\/akalinmetal.com\/#organization\"},\"potentialAction\":[{\"@type\":\"SearchAction\",\"target\":\"https:\/\/akalinmetal.com\/?s={search_term_string}\",\"query-input\":\"required name=search_term_string\"}],\"inLanguage\":\"en-US\"},{\"@type\":\"WebPage\",\"@id\":\"https:\/\/akalinmetal.com\/urunler\/#webpage\",\"url\":\"https:\/\/akalinmetal.com\/urunler\/\",\"name\":\"\\u00dcR\\u00dcNLER &mdash; Akalin M\\u00fchendislik Metal\",\"isPartOf\":{\"@id\":\"https:\/\/akalinmetal.com\/#website\"},\"datePublished\":\"2021-03-01T20:05:50+00:00\",\"dateModified\":\"2021-03-08T09:02:43+00:00\",\"breadcrumb\":{\"@id\":\"https:\/\/akalinmetal.com\/urunler\/#breadcrumb\"},\"inLanguage\":\"en-US\",\"potentialAction\":[{\"@type\":\"ReadAction\",\"target\":[\"https:\/\/akalinmetal.com\/urunler\/\"]}]},{\"@type\":\"BreadcrumbList\",\"@id\":\"https:\/\/akalinmetal.com\/urunler\/#breadcrumb\",\"itemListElement\":[{\"@type\":\"ListItem\",\"position\":1,\"item\":{\"@type\":\"WebPage\",\"@id\":\"https:\/\/akalinmetal.com\/\",\"url\":\"https:\/\/akalinmetal.com\/\",\"name\":\"Anasayfa\"}},{\"@type\":\"ListItem\",\"position\":2,\"item\":{\"@type\":\"WebPage\",\"@id\":\"https:\/\/akalinmetal.com\/urunler\/\",\"url\":\"https:\/\/akalinmetal.com\/urunler\/\",\"name\":\"\\u00dcR\\u00dcNLER\"}}]}]}<\/script>\n<!-- \/ Yoast SEO plugin. -->","_links":{"self":[{"href":"https:\/\/akalinmetal.com\/en\/wp-json\/wp\/v2\/pages\/3301"}],"collection":[{"href":"https:\/\/akalinmetal.com\/en\/wp-json\/wp\/v2\/pages"}],"about":[{"href":"https:\/\/akalinmetal.com\/en\/wp-json\/wp\/v2\/types\/page"}],"author":[{"embeddable":true,"href":"https:\/\/akalinmetal.com\/en\/wp-json\/wp\/v2\/users\/1"}],"replies":[{"embeddable":true,"href":"https:\/\/akalinmetal.com\/en\/wp-json\/wp\/v2\/comments?post=3301"}],"version-history":[{"count":4,"href":"https:\/\/akalinmetal.com\/en\/wp-json\/wp\/v2\/pages\/3301\/revisions"}],"predecessor-version":[{"id":3449,"href":"https:\/\/akalinmetal.com\/en\/wp-json\/wp\/v2\/pages\/3301\/revisions\/3449"}],"wp:attachment":[{"href":"https:\/\/akalinmetal.com\/en\/wp-json\/wp\/v2\/media?parent=3301"}],"curies":[{"name":"wp","href":"https:\/\/api.w.org\/{rel}","templated":true}]}}